{"id":77,"date":"2017-12-13T19:28:04","date_gmt":"2017-12-13T19:28:04","guid":{"rendered":"http:\/\/islam-cf.ch\/?page_id=77"},"modified":"2020-10-15T20:32:23","modified_gmt":"2020-10-15T19:32:23","slug":"nedir-bu-federasyon","status":"publish","type":"page","link":"https:\/\/islam-cf.ch\/?page_id=77","title":{"rendered":"Nedir bu Federasyon"},"content":{"rendered":"<h4 style=\"text-align: center;\"><strong>FEDERASYONUN KURULU\u015eU ve&nbsp;\u00c7ALI\u015eMALARI<\/strong><\/h4>\n<p>&nbsp;<\/p>\n<p>\u0130svi\u00e7reye ilk gelen M\u00fcsl\u00fcmanlar\u0131n sadece baz\u0131 \u015fehirlerde Fabrika veya kilise salonlar\u0131nda eda edilen bayram namazlar\u0131ndan ba\u015fka \u0130slam ad\u0131na kayda de\u011fer bir \u00e7al\u0131\u015fmalar\u0131 yoktu. \u0130svi\u00e7renin Basel kentinde ba\u015flayan M\u00fcsl\u00fcmanlar\u0131n m\u00fcsl\u00fcmanl\u0131klar\u0131n\u0131 (dinlerini) yeniden hat\u0131rlama, ya\u015fayabilme m\u00fccadelesi ihlas &nbsp;azim ve gayretli \u00e7al\u0131\u015fmalar ile y\u00fcce Allah\u2019\u0131n l\u00fctf\u00fc keremiyle b\u00fct\u00fcn isvi\u00e7re geneline &nbsp;yay\u0131lmaya ba\u015flam\u0131\u015ft\u0131. M\u00fcsl\u00fcmanlar yava\u015f yava\u015f &nbsp;bulunduklar\u0131 b\u00f6lgelerde daireler binalar kiralayarak ibadetlerini yerine getirmeye, yeti\u015fen nesillerine m\u00fcsl\u00fcmanl\u0131klar\u0131n\u0131 \u00f6\u011fretmeye, \u0130slami bilgilerini tazelemeye, \u0130slam\u0131 bir hayat nizam\u0131 olarak \u00f6\u011frenmeye, y\u00f6nelmi\u015fler. \u0130slam d\u00fc\u015fmanlar\u0131n\u0131n propagandalar\u0131na ra\u011fmen m\u00fccadelelerinden vazge\u00e7memi\u015flerdi.<\/p>\n<p>Daha \u00f6nce kurulan dernekler yava\u015f yava\u015f \u0130slam d\u00fc\u015f\u00fcncesi etraf\u0131nda b\u00fct\u00fcnle\u015fmi\u015f ve 1978 y\u0131l\u0131nda \u0130svi\u00e7re \u0130slam Cemiyetleri Fedarasyonunu kurmu\u015flard\u0131r. Federasyonun ilk kurulu\u015funda dokuz te\u015fkilat\u0131n isimleri vard\u0131r. Bunlar Federasyonun ar\u015fivinde mevcuttur.<\/p>\n<p>\u0130slam ad\u0131na faaliyat y\u00fcr\u00fcten \u0130svi\u00e7re d\u0131\u015f\u0131ndaki te\u015fkilatlar. \u0130svi\u00e7rede azami gayretle y\u00fcr\u00fct\u00fclen; \u0130slam\u0131n anla\u015f\u0131lmas\u0131na, bir hayat nizam\u0131 olarak ya\u015fanmas\u0131na \u00e7al\u0131\u015f\u0131lan hizmetleri, maddi manevi imkanlar\u0131yla desteklemek yerine, kendi d\u00fcnya g\u00f6r\u00fc\u015flerine, &nbsp;taraftar g\u00f6rd\u00fckleri ki\u015fileri tesbit ederek, yap\u0131lan \u00e7al\u0131\u015fmalar\u0131 istismar etmeye ve kendilerine birer \u015fube a\u00e7maya y\u00f6nelmi\u015flerdir. Bug\u00fcn M\u00fcsl\u00fcmanlar\u0131n \u00e7e\u015fitli isimler alt\u0131nda \u0130svi\u00e7rede ve b\u00fct\u00fcn avrupada da\u011f\u0131n\u0131k ya\u015famalar\u0131n\u0131n alt\u0131nda bu ger\u00e7ek de aranmal\u0131d\u0131r. \u0130hlas ve samimiyetle M\u00fcsl\u00fcmanlar\u0131n \u0130slam\u0131 anlamalar\u0131na y\u00f6nelik&nbsp; bu \u00e7al\u0131\u015fmalar bir anda M\u00fcsl\u00fcmanlar aras\u0131, sen ben tart\u0131\u015fmas\u0131na d\u00f6n\u00fc\u015fm\u00fc\u015ft\u00fcr. Bug\u00fcn her ne kadar bu tart\u0131\u015fmalar yap\u0131lmasa da \u0130slam d\u00fc\u015fmanlar\u0131n\u0131n arzu etti\u011fi&nbsp; ve her zaman her vesileyle destekledi\u011fi ve y\u00f6nlendirdi\u011fi da\u011f\u0131n\u0131kl\u0131k devam etmektedir.<\/p>\n<p><strong>Hedef tekdir.<\/strong><\/p>\n<p>M\u00fcsl\u00fcmanlar \u0130slam\u0131n bir hayat nizam\u0131 oldu\u011funu \u00f6\u011frenmesinler. \u0130slam\u0131n ibadet b\u00f6l\u00fcm\u00fcyle yetinsinler. Namazlar\u0131n\u0131 k\u0131ls\u0131nlar, oru\u00e7lar\u0131n\u0131 tutsunlar. Namaz k\u0131lmayanlara, oru\u00e7 tutmayanlara, Siyasi g\u00fcndeme, sosyal hayata kar\u0131\u015fmas\u0131nlar. \u0130badet ve islam ahlak\u0131n\u0131 vicdanlar\u0131nda saklas\u0131nlar. Birbirleriyle u\u011fra\u015fs\u0131nlar ve da\u011f\u0131n\u0131k olsunlar.<\/p>\n<p>Zaman zaman duyar\u0131z. Kalbin temiz olsun, Parayla iman\u0131n kimde oldu\u011fu belli olmaz. Sen namaz k\u0131ld\u0131nda sana namaz k\u0131lmam\u0131 dediler. Sen oru\u00e7 tuttunda tutma m\u0131 dediler, gibi kelime oyunlar\u0131yla da m\u00fcsl\u00fcmanlar\u0131n kafalar\u0131n\u0131 kar\u0131\u015ft\u0131rs\u0131nlar. <strong>Halbuki islam hem d\u00fcnyaya hem ahirete hitab eder.<\/strong> D\u00fcnyevi ahkam\u0131n\u0131 inkar, tamam\u0131n\u0131 inkard\u0131r.<\/p>\n<p><strong>Ayeti celile:<\/strong><\/p>\n<p>\u201c<em>Yoksa siz kitab\u0131n bir k\u0131sm\u0131na inan\u0131p bir k\u0131sm\u0131n\u0131 inkar m\u0131 ediyorsunuz? Sizden bunu yapan\u0131n cezas\u0131, d\u00fcnya hayat\u0131nda rezil olmaktan ba\u015fka nedir? K\u0131yamet g\u00fcn\u00fcnde de onlar azab\u0131n en \u015fiddetlisine itilirler. Allah yapt\u0131klar\u0131n\u0131z\u0131 bilmez de\u011fildir.\u201d<br \/>\n<\/em>(Sure: Bakara, Ayet: 85)<\/p>\n<p>Bu nedenle baz\u0131 meseleleri iyi \u00f6\u011frenmemiz ve bilmemiz gerekir. \u0130slam ismiyle ortaya \u00e7\u0131kanlar\u0131n ger\u00e7ek niyetini ve hedefini ancak tesbit etme imkan\u0131m\u0131z olur.<\/p>\n<p><strong>\u0130tikad<\/strong>i meseleleri tam \u00f6\u011frenemezsek&nbsp;<strong>\u0130man<\/strong>\u0131n \u015fuuruna varamaz, eylem istikametini anlayamay\u0131z. \u0130man\u0131n \u015fuuruna varamay\u0131nca,&nbsp;<strong>ibadet<\/strong>in manas\u0131n\u0131 anlamaz onu dosdo\u011fru ger\u00e7ekle\u015ftiremeyiz. \u0130badetin \u015fuuruna eremeyince ahlaki \u00e7\u00f6k\u00fcnt\u00fcye engel olamay\u0131z.&nbsp;<strong>Muamelat<\/strong>\u0131 uygulayamazsak akl\u0131m\u0131z\u0131, mal\u0131m\u0131z\u0131, neslimizi, nefsimizi ve dinimizi de koruyamay\u0131z.<\/p>\n<p>Yukarda anlat\u0131lmaya \u00e7al\u0131\u015f\u0131lan meseleler \u0131\u015f\u0131\u011f\u0131nda m\u00fcsl\u00fcmanlar bu engebeli \u00f6nce g\u00f6rmeli sonra \u00fcs\u00fcl\u00fcne uygun \u015fekilde a\u015fmaya \u00e7al\u0131\u015fmal\u0131d\u0131r. Federasyonun kurulu\u015f gayesi islam\u0131 anlamaya \u00e7al\u0131\u015fan, \u0130slami h\u00fck\u00fcmlerin imkan dahilinde olabilecekleri kendi vicdan,aile ve cemiyetinde ya\u015fanmas\u0131na \u00e7al\u0131\u015fan, cemiyet olu\u015fturma gayreti g\u00f6steren, M\u00fcsl\u00fcman numunesi olu\u015fturmakt\u0131r. \u0130\u015fte bu nokta; Federasyonun \u00e7al\u0131\u015fmalar\u0131n\u0131n temel noktas\u0131d\u0131r. \u00c7al\u0131\u015fmalar\u0131n\u0131n temelini bu d\u00fc\u015f\u00fcnce olu\u015fturur.<\/p>\n<p>Cemiyetlerimizle beraber m\u00fcsl\u00fcmanlara hizmet vermeye gayret eden Federasyonumuz, \u0130lk defa isvi\u00e7rede&nbsp;<strong>Cenaze Nakli Yard\u0131mla\u015fma Sand\u0131\u011f\u0131<\/strong>&nbsp;kurmu\u015ftur. M\u00fcsl\u00fcman karde\u015flerimizin ac\u0131 g\u00fcnlerinde&nbsp; her zaman yanlar\u0131nda olmu\u015ftur. Olmayada devam etmektedir.<\/p>\n<p>G\u0131da meselelerinde m\u00fcsl\u00fcmanlar\u0131n helal g\u0131da yiyebilmeleri i\u00e7in \u00e7ok u\u011fra\u015fm\u0131\u015ft\u0131r. \u0130svi\u00e7re h\u00fck\u00fcmetinden \u0130svi\u00e7reye Helal et getirebilme m\u00fcsadesini \u0130slam ad\u0131na \u00e7\u0131kartm\u0131\u015ft\u0131r. Ama malesef&nbsp; Helal et satt\u0131klar\u0131n\u0131 iddia eden s\u00f6z\u00fcm ona kasaplar\u0131m\u0131z gayri m\u00fcslimlerin haklar\u0131n\u0131 kullanarak \u0130svi\u00e7reye et getirmekten vazge\u00e7ememi\u015flerdir. Di\u011fer g\u0131da meseleleriyle alakal\u0131 marketler a\u00e7\u0131lmaya u\u011fra\u015f\u0131lm\u0131\u015f netice al\u0131namam\u0131\u015ft\u0131r. Bunlar da malesef ac\u0131 ger\u00e7ekler olarak i\u00e7imizde yarad\u0131r.<\/p>\n<p>\u0130slam Cemiyetleri Federasyonumuz iki tane vak\u0131f kurmu\u015f. \u00dc\u00e7\u00fcnc\u00fc vakf\u0131m\u0131z\u0131n&nbsp; kurulmas\u0131 da resmen tamamlanm\u0131\u015ft\u0131r. Vak\u0131flar ticari zemin ve e\u011fitim meselelerini y\u00f6nlendirme \u00e7al\u0131\u015fmalar\u0131n\u0131 y\u00fcr\u00fctmektedirler.<\/p>\n<p>\u015eimdiye kadar \u00fc\u00e7 tane bina sat\u0131n al\u0131nm\u0131\u015ft\u0131r. Ama malesef bor\u00e7lar\u0131n\u0131n \u00f6denebilmesi i\u00e7in (biri Hari\u00e7) kiraya verilmi\u015flerdir. Birinin bir b\u00f6l\u00fcm\u00fcnde \u00e7ocuklara e\u011fitim verilmektedir. Vak\u0131flar b\u00f6l\u00fcm\u00fcnden mal\u00fcmat al\u0131nabilir. Veya&nbsp;&nbsp;<a class=\" link\" href=\"http:\/\/www.i-stiftung.ch\/\">www.i-stiftung.ch<\/a>&nbsp;&nbsp;<a class=\" link\" href=\"http:\/\/www.maarifvakfi.com\/\">www.maarifvakfi.com<\/a>&nbsp;adreslerinden de mal\u00fcmat al\u0131nabilir.<\/p>\n<p>\u0130svi\u00e7re \u0130slam Cemiyetleri Federasyonu olarak, Cemaatimiz taraf\u0131ndan arzu edilmesinden hareketle \u0130svi\u00e7re \u0130slam Cemiyetleri Federasyonu Takvimi ismi alt\u0131nda Takvim haz\u0131rlay\u0131p m\u00fcsl\u00fcman toplumumuzun hizmetine sunmaya gayret ediyoruz.<\/p>\n<p>Takvimimizi itina ile haz\u0131rl\u0131yoruz. \u00d6n sayfas\u0131nda Ay ve g\u00fcnleri d\u00f6rt dilde, ayr\u0131ca Hicri, Miladi ve Rumi olmak \u00fczere \u00fc\u00e7 takvimide yans\u0131t\u0131yoruz.&nbsp; Bununla gelecek nesillerimize ecdad\u0131m\u0131z\u0131n kulland\u0131\u011f\u0131 takvimleri de tan\u0131tmaya \u00e7al\u0131\u015f\u0131yoruz. Arka sayfas\u0131 da T\u00fcrkce ve Almanca olmak \u00fczere iki lisanda haz\u0131rl\u0131yoruz. \u0130svi\u00e7re de yeti\u015fen neslimizin takvim hususunda hem bilgi sahibi olmas\u0131, hemde y\u00fcce kitab\u0131m\u0131z\u0131n ilahi emirlerini mealen, T\u00fcrkce&nbsp; Almanca okuma imk\u00e2n\u0131 sunuyoruz. M\u00fcsl\u00fcman karde\u015flerimize israrla tavsiye ederiz. Desteklenmesini talep ederiz.&nbsp; Geni\u015f bilgi&nbsp;<a href=\"http:\/\/islam-cf.ch\/?page_id=75\">Takvim&nbsp;<\/a>sayfas\u0131ndan al\u0131nabilir.<\/p>\n<p>\u0130svi\u00e7re \u0130slam Cemiyetleri Federasyonu, \u0130svi\u00e7rede ilk defa Hac seferi d\u00fczenlemi\u015ftir.&nbsp; Belirli aral\u0131klarla hac seferi d\u00fczenlemeye, m\u00fcsl\u00fcman karde\u015flerimize m\u00fcmk\u00fcn oldu\u011funca az masrafla, \u00fcs\u00fcl\u00fcne en uygun \u015fekilde hac far\u0131zalar\u0131n\u0131 yerine getirmeye \u00e7al\u0131\u015fmaktay\u0131z. Ancak malesef hac meselesi i\u015flemleri Turizm seyahatlar\u0131 taraf\u0131ndan kar ama\u00e7l\u0131 yap\u0131lmaya ba\u015flay\u0131nca,&nbsp; bizim i\u00e7in hac yapmak zor duruma gelmi\u015ftir. Hacca gidecek karde\u015flerimizin Diyanet vakf\u0131n\u0131 veya islam toplumunu se\u00e7ebilirler.<\/p>\n<p>Ramazan ay\u0131nda camilerimizde m\u00fcmk\u00fcn mertebe 1981 ve 82 den beri her ak\u015fam iftar yemekleri vererek m\u00fcsl\u00fcmanlar\u0131n birbirleriyle kayna\u015fmalar\u0131n\u0131 sa\u011flamaya \u00e7al\u0131\u015fan bir te\u015fkilat\u0131z. Toplanan Zekat ve f\u0131tralar\u0131m\u0131z\u0131 ihitiya\u00e7 sahiplerine ula\u015ft\u0131rmaya \u00f6zenle gayret g\u00f6steriyoruz.<\/p>\n<p>Kurbanlar\u0131m\u0131z\u0131 zaman\u0131nda hem usul\u00fcne uygun, hemde hayvanlar\u0131n kurban olma \u00f6zelliklerine dikkat ederek kesmeye, veya kestirmeye, k\u0131sa zamanda&nbsp; sahiplerine ula\u015ft\u0131rmaya \u00f6nem veriyoruz.<\/p>\n<p>\u0130svi\u00e7re \u0130slam Cemiyetleri Federasyonu&nbsp;&nbsp; &nbsp;27.03.2014<\/p>\n","protected":false},"excerpt":{"rendered":"<p>FEDERASYONUN KURULU\u015eU ve&nbsp;\u00c7ALI\u015eMALARI &nbsp; \u0130svi\u00e7reye ilk gelen M\u00fcsl\u00fcmanlar\u0131n sadece baz\u0131 \u015fehirlerde Fabrika veya kilise salonlar\u0131nda eda edilen bayram namazlar\u0131ndan ba\u015fka \u0130slam ad\u0131na kayda de\u011fer bir \u00e7al\u0131\u015fmalar\u0131 yoktu. \u0130svi\u00e7renin Basel kentinde ba\u015flayan M\u00fcsl\u00fcmanlar\u0131n m\u00fcsl\u00fcmanl\u0131klar\u0131n\u0131 (dinlerini) yeniden hat\u0131rlama, ya\u015fayabilme m\u00fccadelesi ihlas &nbsp;azim ve gayretli \u00e7al\u0131\u015fmalar ile y\u00fcce Allah\u2019\u0131n l\u00fctf\u00fc keremiyle b\u00fct\u00fcn isvi\u00e7re geneline &nbsp;yay\u0131lmaya ba\u015flam\u0131\u015ft\u0131. M\u00fcsl\u00fcmanlar yava\u015f [&hellip;]<\/p>\n","protected":false},"author":1,"featured_media":0,"parent":0,"menu_order":0,"comment_status":"closed","ping_status":"closed","template":"","meta":{"footnotes":""},"class_list":["post-77","page","type-page","status-publish","hentry"],"_links":{"self":[{"href":"https:\/\/islam-cf.ch\/index.php?rest_route=\/wp\/v2\/pages\/77","targetHints":{"allow":["GET"]}}],"collection":[{"href":"https:\/\/islam-cf.ch\/index.php?rest_route=\/wp\/v2\/pages"}],"about":[{"href":"https:\/\/islam-cf.ch\/index.php?rest_route=\/wp\/v2\/types\/page"}],"author":[{"embeddable":true,"href":"https:\/\/islam-cf.ch\/index.php?rest_route=\/wp\/v2\/users\/1"}],"replies":[{"embeddable":true,"href":"https:\/\/islam-cf.ch\/index.php?rest_route=%2Fwp%2Fv2%2Fcomments&post=77"}],"version-history":[{"count":6,"href":"https:\/\/islam-cf.ch\/index.php?rest_route=\/wp\/v2\/pages\/77\/revisions"}],"predecessor-version":[{"id":316,"href":"https:\/\/islam-cf.ch\/index.php?rest_route=\/wp\/v2\/pages\/77\/revisions\/316"}],"wp:attachment":[{"href":"https:\/\/islam-cf.ch\/index.php?rest_route=%2Fwp%2Fv2%2Fmedia&parent=77"}],"curies":[{"name":"wp","href":"https:\/\/api.w.org\/{rel}","templated":true}]}}