{"id":73,"date":"2017-12-13T19:28:04","date_gmt":"2017-12-13T19:28:04","guid":{"rendered":"http:\/\/islam-cf.ch\/?page_id=73"},"modified":"2020-10-15T20:30:54","modified_gmt":"2020-10-15T19:30:54","slug":"cenaze-sandigi","status":"publish","type":"page","link":"https:\/\/islam-cf.ch\/?page_id=73","title":{"rendered":"Cenaze Sand\u0131\u011f\u0131"},"content":{"rendered":"<p>Cenaze Nakli Yard\u0131mla\u015fma Sand\u0131\u011f\u0131na \u00fcye olmak i\u00e7in Formu indirip gerekli bilgileri doldurup.<br \/>\nA\u015fa\u011f\u0131daki adrese g\u00f6nderebilirsiniz veya E-Posta olarak <a href=\"mailto:h.bay@baycom.ch\">h.bay@baycom.ch<\/a> adresine g\u00f6nderebilirsiniz.<\/p>\n<p><a href=\"http:\/\/islam-cf.ch\/wp-content\/uploads\/2018\/02\/uyeform.pdf\">\u00dcyeform<\/a><\/p>\n<p>CENAZE NAKL\u0130 YARDIMLAMA SANDI\u011eI<br \/>\nHilfskasse f\u00fcr Leichentransport<br \/>\nPostfach 1013<br \/>\n6031 Ebikon<\/p>\n<p>Hamide Bay<br \/>\n079 330 83 54<br \/>\n<a class=\" link\" href=\"mailto:h.bay@baycom.ch\">h.bay@baycom.ch<\/a><\/p>\n","protected":false},"excerpt":{"rendered":"<p>Cenaze Nakli Yard\u0131mla\u015fma Sand\u0131\u011f\u0131na \u00fcye olmak i\u00e7in Formu indirip gerekli bilgileri doldurup. A\u015fa\u011f\u0131daki adrese g\u00f6nderebilirsiniz veya E-Posta olarak h.bay@baycom.ch adresine g\u00f6nderebilirsiniz. \u00dcyeform CENAZE NAKL\u0130 YARDIMLAMA SANDI\u011eI Hilfskasse f\u00fcr Leichentransport Postfach 1013 6031 Ebikon Hamide Bay 079 330 83 54 h.bay@baycom.ch<\/p>\n","protected":false},"author":1,"featured_media":0,"parent":0,"menu_order":0,"comment_status":"closed","ping_status":"closed","template":"","meta":{"footnotes":""},"class_list":["post-73","page","type-page","status-publish","hentry"],"_links":{"self":[{"href":"https:\/\/islam-cf.ch\/index.php?rest_route=\/wp\/v2\/pages\/73","targetHints":{"allow":["GET"]}}],"collection":[{"href":"https:\/\/islam-cf.ch\/index.php?rest_route=\/wp\/v2\/pages"}],"about":[{"href":"https:\/\/islam-cf.ch\/index.php?rest_route=\/wp\/v2\/types\/page"}],"author":[{"embeddable":true,"href":"https:\/\/islam-cf.ch\/index.php?rest_route=\/wp\/v2\/users\/1"}],"replies":[{"embeddable":true,"href":"https:\/\/islam-cf.ch\/index.php?rest_route=%2Fwp%2Fv2%2Fcomments&post=73"}],"version-history":[{"count":3,"href":"https:\/\/islam-cf.ch\/index.php?rest_route=\/wp\/v2\/pages\/73\/revisions"}],"predecessor-version":[{"id":143,"href":"https:\/\/islam-cf.ch\/index.php?rest_route=\/wp\/v2\/pages\/73\/revisions\/143"}],"wp:attachment":[{"href":"https:\/\/islam-cf.ch\/index.php?rest_route=%2Fwp%2Fv2%2Fmedia&parent=73"}],"curies":[{"name":"wp","href":"https:\/\/api.w.org\/{rel}","templated":true}]}}