{"id":67,"date":"2017-12-13T19:24:40","date_gmt":"2017-12-13T19:24:40","guid":{"rendered":"http:\/\/islam-cf.ch\/?page_id=67"},"modified":"2026-02-02T11:53:27","modified_gmt":"2026-02-02T10:53:27","slug":"sitemiz-hakkinda","status":"publish","type":"page","link":"https:\/\/islam-cf.ch\/","title":{"rendered":"Sitemiz hakk\u0131nda"},"content":{"rendered":"<p align=\"center\"><img loading=\"lazy\" decoding=\"async\" class=\"alignnone wp-image-168\" src=\"http:\/\/islam-cf.ch\/wp-content\/uploads\/2018\/02\/besmele-300x144.png\" alt=\"\" width=\"346\" height=\"166\" srcset=\"https:\/\/islam-cf.ch\/wp-content\/uploads\/2018\/02\/besmele-300x144.png 300w, https:\/\/islam-cf.ch\/wp-content\/uploads\/2018\/02\/besmele.png 702w\" sizes=\"auto, (max-width: 346px) 100vw, 346px\" \/><\/p>\n<p align=\"center\"><em>Rahman ve Rahim Olan ALLAH\u2019\u0131n Ad\u0131yla<\/em><\/p>\n<p style=\"text-align: center;\">Y\u00fcce Rabbimize nihayetsiz hamd\u00fcsena, Sevgili Peygamberimize sonsuz salat\u00fc selam ederiz.<\/p>\n<p style=\"text-align: center;\">Isvicre Islam Cemiyetleri Fedarasyonu Resmi Web Sayfas\u0131na ho\u015fgeldiniz.<\/p>\n<p>Esselamu Aleyk\u00fcm K\u0131ymetli karde\u015flerimiz<\/p>\n<p>Beraat kandilinizi tebrik ederiz. Rabbimizden islam d\u00fcnyas\u0131n\u0131 \u00f6ncelikle diriltmesini, birle\u015ftirmesini, sihhatl\u0131, uzun \u00f6m\u00fcrl\u00fc, r\u0131zas\u0131na eren ve af edilmi\u015f ba\u011f\u0131\u015flanm\u0131\u015flar defterinde isimlerimizin daim olmas\u0131n\u0131 dileriz. \u0130slam d\u00fcnyas\u0131ndaki zalimlerin z\u00fclm\u00fcnden m\u00fcsl\u00fcmanlar\u0131n kurtulmas\u0131n\u0131, zalimlerin b\u00fct\u00fcn tuzaklar\u0131n\u0131 kendi ba\u015flar\u0131na \u00e7evirmesini niyaz ederiz. 150 seneden fazlad\u0131r islam d\u00fc\u015fmanlar\u0131 m\u00fcsl\u00fcmanlar\u0131n i\u00e7inde her t\u00fcrl\u00fc fitne fesad\u0131 yayarak m\u00fcsl\u00fcmanlar\u0131n oluk oluk kanlar\u0131n\u0131 ak\u0131tt\u0131klar\u0131n\u0131 g\u00f6zya\u015flar\u0131 i\u00e7inde ac\u0131lar \u00e7ektirdiklerini ya\u015f\u0131yoruz. Ey m\u00fcsl\u00fcmanlar d\u00fcnya mal\u0131n\u0131n pe\u015fine ko\u015fmaktan vazge\u00e7ip d\u00fcnyan\u0131n idaresine Allah ad\u0131na sahip \u00e7\u0131kmas\u0131n\u0131 bekliyoruz. Tekrar BERAET kandilinizi tebrik ederiz.<\/p>\n<p>\u0130svi\u00e7re \u0130slam Cemiyetleri Federasyonu<\/p>\n<p>Mustafa \u00d6zt\u00fcrk<br \/>\n02.02.2026<\/p>\n<p>&nbsp;<\/p>\n<p>&nbsp;<\/p>\n<hr \/>\n<p>&nbsp;<\/p>\n<p>Esselamu Aleyk\u00fcm<\/p>\n<p>Rahman ve rahim y\u00fcce Rabbimizin ad\u0131yla<\/p>\n<p>\u0130svi\u00e7re \u0130slam Cemiyetleri Federasyonu islam\u0131 sahada islam hukukuna g\u00f6re anlayabildi\u011fi kadar kuruldu\u011fu g\u00fcnden beri imkan buldu\u011fu her sahada insana ve insanl\u0131\u011fa hizmet etmeye gayret etmektedir. Kendi camias\u0131 i\u00e7inde ve d\u0131\u015f\u0131nda islami prensiplere \u00f6zenle dikkat ederek hizmetlerini y\u00fcr\u00fctmeye gayret etti\u011finden, en \u00e7ok istismara ve ihanetlere maruz kalmakta olan bir te\u015fkilatt\u0131r.<br \/>\nB\u00fct\u00fcn bu istismar ve ihanetlere ra\u011fmen, hizmetlerini y\u00fcr\u00fctmeye gayret etmektedir. Hizmetlerimizin ilk sahas\u0131 cemaatimizi ve gen\u00e7li\u011fimizi, \u0130slam&#8217;a ve m\u00fcsl\u00fcmana y\u00f6nelik ifsat ve istismar oyunlar\u0131na kar\u015f\u0131 bilgilendirmek ve e\u011fitim verme gayretidir. Ba\u015far\u0131l\u0131 \u00e7al\u0131\u015fmalar\u0131m\u0131z \u00e7ok \u00f6nemli sonu\u00e7lar vermi\u015ftirki, avrupada kendilerine \u015fubeler a\u00e7mak isteyenler cemaatimiz i\u00e7inde kendilerine yak\u0131n bulduklar\u0131 ki\u015filerle kendi \u015fubelerini a\u00e7m\u0131\u015f olmalar\u0131d\u0131r.<\/p>\n<p>\u0130lk hizmetlerimizden olan cenaze nakli yard\u0131mla\u015fma sand\u0131\u011f\u0131m\u0131z, Hizmete girdi\u011fi g\u00fcnden beri \u00fcyemiz olan cenazelerimizi en titiz ve \u00fcs\u00fcl\u00fcne uygun \u015fekilde yerine getirmi\u015f ve getirmeye devam etmektedir.<\/p>\n<p>Di\u011fer hizmetlerimizin bir k\u0131sm\u0131 islami hizmetlerimizi daha rahat y\u00fcr\u00fctebilmemiz gayesiyle ticari \u00e7al\u0131\u015fmalara y\u00f6nelmi\u015f olmam\u0131zd\u0131r. Federasyonumuz bu sahada baz\u0131 \u00e7al\u0131\u015fmalara girmi\u015fse de insan\u0131m\u0131z hen\u00fcz dayan\u0131\u015fma \u015fuuruna ula\u015famad\u0131\u011f\u0131ndan ba\u015far\u0131s\u0131zl\u0131klarla malesef sonu\u00e7lanm\u0131\u015ft\u0131r.<\/p>\n<p>Bir ara \u00e7ok verimli e\u011fitim gayesiyle dergi \u00e7\u0131karmaya ba\u015flad\u0131k. Ama malesef i\u015ften anlayan eleman k\u0131tl\u0131\u011f\u0131ndan k\u0131ymetli hocam\u0131z\u0131n vakit ve rahats\u0131zl\u0131klar\u0131 ve maddi imkans\u0131zl\u0131klardan dolay\u0131 fazla devam ettiremedik.<\/p>\n<p>Daha sonra Fedeasyonumuzun gayretli idarecileri ile vak\u0131flar kurarak sahib olabilece\u011fimiz mekanlar, gayri menkuller almaya y\u00f6nelmi\u015f bir \u00e7ok ba\u015far\u0131l\u0131 \u00e7al\u0131\u015fmalara imza atm\u0131\u015ft\u0131r.<br \/>\nNe yaz\u0131k ki Federasyon camiam\u0131za y\u00f6nelik y\u0131k\u0131c\u0131 faaliyetler bu ba\u015far\u0131l\u0131 Vak\u0131f \u00e7al\u0131\u015fmalar\u0131m\u0131z, gayri menkullerimiz i\u015ftahlar\u0131n\u0131 \u00e7ok kabartm\u0131\u015f olacak ki bizim iyi niyetli hizmet eri karde\u015flerimizin zaafiyetlerinden faydalanarak, bazende resmi kanunlar\u0131n arkas\u0131na saklanarak, islami hukuku, isti\u015fareyi redderek. Federasyona ait olan vak\u0131flar\u0131 gasbetmeye y\u00f6nelmi\u015fler, baz\u0131 vak\u0131flar\u0131m\u0131zda da ba\u015far\u0131l\u0131 olarak federasyonun e\u011fitim yuvalar\u0131na, camilerine federasyon idarecilerimizin girmesini dahi yasaklam\u0131\u015flard\u0131r. Gayri m\u00fcslim bir \u00fclkede m\u00fcsl\u00fcmanlar\u0131n birbirleriyle kavga etmelerine f\u0131rsat vermemek i\u00e7in. Bir \u00e7ok gayretler g\u00f6sterilerek yap\u0131lan \u00e7al\u0131\u015fmalardan da bir netice elde edemeyince, Y\u00fcce Rabbimize havale edip k\u0131sa zamanda bu b\u00fcy\u00fck hatalar\u0131n\u0131 anlay\u0131p hakikate d\u00f6nmeleri i\u00e7in dua ediyoruz. Bu hesab\u0131 \u00e7ok a\u011f\u0131r olan bir durumdur.<\/p>\n<p>\u00dc\u00e7\u00fcnc\u00fcs\u00fc Takvim meselemizdir. Hepimizin malumu 1980 veya 1982 tarihinden beri T.C. Diyanetinin bir \u00e7ok islam \u00fclkesi diye adland\u0131rd\u0131\u011f\u0131m\u0131z \u00fclkelerin ulemalar\u0131 ile yapt\u0131klar\u0131 toplant\u0131larda yurtd\u0131\u015f\u0131 namaz vakitlerinde baz\u0131 de\u011fi\u015fiklikler yap\u0131lm\u0131\u015ft\u0131. O tarihlerde avrupa da ya\u015fayan m\u00fcsl\u00fcmanlar\u0131n bir \u00e7o\u011fu bundan habersizdi, kimse farketmeden y\u00fcr\u00fcrl\u00fc\u011fe konmu\u015ftu. T\u00fcrkiye d\u0131\u015f\u0131nda hi\u00e7bir \u00fclke de bunu y\u00fcr\u00fcrl\u00fc\u011fe koymam\u0131\u015ft\u0131 . B\u00f6yle devam ederken 2007 Ramazan ay\u0131na birka\u00e7 g\u00fcn kala Diyanet i\u015fleri Ba\u015fkanl\u0131\u011f\u0131 Namaz vakitleri ba\u015fl\u0131kl\u0131 bir makale yay\u0131nlad\u0131. Makalesinde yats\u0131 namaz\u0131n\u0131n yurtd\u0131\u015f\u0131nda vaktinden erken k\u0131l\u0131nd\u0131\u011f\u0131n\u0131 bunun d\u00fczeltilmesi gerekti\u011fini uzun uzun temel kaynaklara at\u0131f yaparak a\u00e7\u0131klad\u0131 ve resmi web sayfas\u0131nda yay\u0131nland\u0131.<br \/>\nRamazan\u0131n ilk haftas\u0131nda yeni vakitlere g\u00f6re yats\u0131 namaz\u0131 ve tervih k\u0131l\u0131nmaya ba\u015flad\u0131. \u0130kinci haftas\u0131nda nas\u0131l bir geli\u015fmeler oldu pek net bilmiyoruz. Sadece bas\u0131na yap\u0131lan a\u00e7\u0131klamada yurtd\u0131\u015f\u0131ndaki i\u015fcilerimizin, \u00f6\u011frencilerimizin, devlet g\u00f6revlilerimizin yo\u011fun \u015fikayetleri ve g\u00fc\u00e7 durumda kald\u0131klar\u0131 dikkate al\u0131narak, a\u00e7\u0131klaman\u0131n devam\u0131nda yats\u0131 namaz\u0131 takdirle tayin edilen vakte g\u00f6re k\u0131l\u0131nacakt\u0131r diye, eskisi gibi ak\u015fam namaz\u0131ndan 80 dak\u0131ka sonra yats\u0131n\u0131n k\u0131l\u0131nmas\u0131na karar verilerek yeniden eski sisteme d\u00f6n\u00fclm\u00fc\u015f oldu. Bu arada daha \u00f6nceleri 120 &#8211; 150 dakika aras\u0131 olan Sahur \u0130msak aras\u0131 da 90 dakikaya indirildi. Di\u011fer bir \u00e7ok kurulu\u015flar taraf\u0131ndan diyanetin burda b\u00fcy\u00fck bir hata yapt\u0131\u011f\u0131n\u0131, millete orucunu yedirdi\u011fini ikaz etmesine ra\u011fmen hepsini duymamazl\u0131ktan geldi. Elbette bir \u00e7ok kurulu\u015f diyanetin bu ayarlamalar\u0131na tepki g\u00f6stererek uymamaya karar verdi. \u0130svi\u00e7re \u0130slam Cemiyetleri federasyonunu olarak bizde namaz vakitleriyle alakal\u0131 &#8222;Bu nedir ne oluyoruz&#8220; ba\u015fl\u0131kl\u0131 a\u00e7\u0131klamam\u0131z da hatalar\u0131 veya bilerek yap\u0131lan yanl\u0131\u015flar\u0131 dile getirerek, k\u0131sa s\u00fcrede y\u00fcr\u00fcrl\u00fc\u011fe konulup \u00e7e\u015fitli \u015fikayetler \u00fczerine y\u00fcr\u00fcrl\u00fckten kald\u0131r\u0131lan vakitlere g\u00f6re yats\u0131 namaz\u0131m\u0131z\u0131 eda edece\u011fiz dedik. Sahur imsak vaktinide eski \u00fcs\u00fcle g\u00f6re uygulayaca\u011f\u0131z diyerek takvimlerimizi basmaya ba\u015flad\u0131k.<\/p>\n<p>2022 sonlar\u0131na do\u011fru diyanet yapt\u0131\u011f\u0131 bu \u00e7ok vahim hatadan bir \u00e7ok kurulu\u015ftan g\u00f6r\u00fc\u015f alarak yeni bir \u00e7al\u0131\u015fmayla yap\u0131lan bu hatadan biraz olsun d\u00f6n\u00fclm\u00fc\u015f oldu.<br \/>\nBizde bunun \u00fczerine yapt\u0131\u011f\u0131m\u0131z toplant\u0131da Takvim bast\u0131rmam\u0131z\u0131n bir manas\u0131 kalmad\u0131\u011f\u0131n\u0131 isteyenin diyanet takvimi alabilece\u011fine karar verdik.<br \/>\nB\u00f6ylece Federasyonumuzun Takvim bast\u0131rma i\u015fine son verdik.<\/p>\n<p>Bir ba\u015fka hizmetimizde Baz\u0131 talebe okutan kurslar\u0131m\u0131za veya y\u00fcksek tahsil yapan \u00f6\u011frencilerimize burs verme gayretimizdir. Bu g\u00fcne kadar burs verme meselesini devam ettirdik devam ettirmeye gayret ediyoruz.<br \/>\n\u00d6nceleri sadece \u0130slami sahada y\u00fcksek tahsil yapanlara burs veriyorduk. Son zamanlarda idareci arkada\u015flar\u0131n da uygun g\u00f6rmesinden sonra \u00fcniversite okuyan burs taliplilerine elimizden geldi\u011fi kadar burs vermeye gayret ediyoruz.<br \/>\nBurs meselesinde b\u00fct\u00fcn hay\u0131r severlerimizin destek ve yard\u0131mlar\u0131n\u0131 bekliyoruz.<br \/>\nFederasyonumuzun \u0130slam anlay\u0131\u015f\u0131 ve davran\u0131\u015f\u0131 hususunda azim ve gayretle islam\u0131n kaideleri, prensipleri i\u00e7inde hareket etmeye kendimizi mecbur hissediyoruz. \u00c7ok iyi biliyoruz ki, islami hizmet islam d\u0131\u015f\u0131 prensiplerle y\u00fcr\u00fct\u00fclemez. Bu anlay\u0131\u015fta olan herkesi bu camia alt\u0131nda g\u00f6rmek birlikte \u00e7al\u0131\u015fmak istiyoruz. \u0130leti\u015fimin \u00e7ok kolay oldu\u011fu g\u00fcn\u00fcm\u00fczde, bir arada veya \u00e7ok uzakta olmam\u0131z\u0131n hi\u00e7 bir ehemmiyeti yoktur. Yeterki derdimiz davam\u0131z m\u00fcsl\u00fcmanl\u0131\u011f\u0131m\u0131z\u0131 islam\u0131n hudutlar\u0131 i\u00e7inde muhafaza etme gayreti i\u00e7inde olal\u0131m. \u0130slami duyarl\u0131l\u0131\u011f\u0131m\u0131z benli\u011fimizin b\u00fct\u00fcn\u00fcn\u00fc kaplam\u0131\u015f, ku\u015fatm\u0131\u015f olsun.<br \/>\nG\u00f6nl\u00fcmm\u00fczde, akl\u0131m\u0131zda, fikrimizde Allah&#8217;\u0131n r\u0131zas\u0131ndan ba\u015fka g\u00f6r\u00fc\u015f, d\u00fc\u015f\u00fcnce, fikir, zikir bulunmas\u0131n.<br \/>\nNe mutlu ben m\u00fcsl\u00fcman\u0131m diyene ve ne dedi\u011fini bilene&#8230;<br \/>\nAllah&#8217;a emanet olunuz.<br \/>\n\u0130svi\u00e7re \u0130slam Cemiyetleri federasyonunun<br \/>\nMustafa \u00f6zt\u00fcrk.<br \/>\n27.07.2024<\/p>\n","protected":false},"excerpt":{"rendered":"<p>Rahman ve Rahim Olan ALLAH\u2019\u0131n Ad\u0131yla Y\u00fcce Rabbimize nihayetsiz hamd\u00fcsena, Sevgili Peygamberimize sonsuz salat\u00fc selam ederiz. Isvicre Islam Cemiyetleri Fedarasyonu Resmi Web Sayfas\u0131na ho\u015fgeldiniz. Esselamu Aleyk\u00fcm K\u0131ymetli karde\u015flerimiz Beraat kandilinizi tebrik ederiz. Rabbimizden islam d\u00fcnyas\u0131n\u0131 \u00f6ncelikle diriltmesini, birle\u015ftirmesini, sihhatl\u0131, uzun \u00f6m\u00fcrl\u00fc, r\u0131zas\u0131na eren ve af edilmi\u015f ba\u011f\u0131\u015flanm\u0131\u015flar defterinde isimlerimizin daim olmas\u0131n\u0131 dileriz. \u0130slam d\u00fcnyas\u0131ndaki zalimlerin [&hellip;]<\/p>\n","protected":false},"author":1,"featured_media":0,"parent":0,"menu_order":0,"comment_status":"closed","ping_status":"closed","template":"","meta":{"footnotes":""},"class_list":["post-67","page","type-page","status-publish","hentry"],"_links":{"self":[{"href":"https:\/\/islam-cf.ch\/index.php?rest_route=\/wp\/v2\/pages\/67","targetHints":{"allow":["GET"]}}],"collection":[{"href":"https:\/\/islam-cf.ch\/index.php?rest_route=\/wp\/v2\/pages"}],"about":[{"href":"https:\/\/islam-cf.ch\/index.php?rest_route=\/wp\/v2\/types\/page"}],"author":[{"embeddable":true,"href":"https:\/\/islam-cf.ch\/index.php?rest_route=\/wp\/v2\/users\/1"}],"replies":[{"embeddable":true,"href":"https:\/\/islam-cf.ch\/index.php?rest_route=%2Fwp%2Fv2%2Fcomments&post=67"}],"version-history":[{"count":31,"href":"https:\/\/islam-cf.ch\/index.php?rest_route=\/wp\/v2\/pages\/67\/revisions"}],"predecessor-version":[{"id":431,"href":"https:\/\/islam-cf.ch\/index.php?rest_route=\/wp\/v2\/pages\/67\/revisions\/431"}],"wp:attachment":[{"href":"https:\/\/islam-cf.ch\/index.php?rest_route=%2Fwp%2Fv2%2Fmedia&parent=67"}],"curies":[{"name":"wp","href":"https:\/\/api.w.org\/{rel}","templated":true}]}}