{"id":259,"date":"2019-04-24T20:43:57","date_gmt":"2019-04-24T18:43:57","guid":{"rendered":"https:\/\/islam-cf.ch\/?page_id=259"},"modified":"2024-02-07T08:13:10","modified_gmt":"2024-02-07T07:13:10","slug":"ramazan-imsakiyesi-2024","status":"publish","type":"page","link":"https:\/\/islam-cf.ch\/?page_id=259","title":{"rendered":"Ramazan \u0130msakiyesi 2024"},"content":{"rendered":"\n<p>Haz\u0131r oldu\u011funda 2024 Ramazan \u0130msakiyelerini  buradan indirebilirsiniz.<\/p>\n\n\n\n<p><\/p>\n","protected":false},"excerpt":{"rendered":"<p>Haz\u0131r oldu\u011funda 2024 Ramazan \u0130msakiyelerini buradan indirebilirsiniz.<\/p>\n","protected":false},"author":1,"featured_media":0,"parent":0,"menu_order":0,"comment_status":"closed","ping_status":"closed","template":"","meta":{"footnotes":""},"class_list":["post-259","page","type-page","status-publish","hentry"],"_links":{"self":[{"href":"https:\/\/islam-cf.ch\/index.php?rest_route=\/wp\/v2\/pages\/259","targetHints":{"allow":["GET"]}}],"collection":[{"href":"https:\/\/islam-cf.ch\/index.php?rest_route=\/wp\/v2\/pages"}],"about":[{"href":"https:\/\/islam-cf.ch\/index.php?rest_route=\/wp\/v2\/types\/page"}],"author":[{"embeddable":true,"href":"https:\/\/islam-cf.ch\/index.php?rest_route=\/wp\/v2\/users\/1"}],"replies":[{"embeddable":true,"href":"https:\/\/islam-cf.ch\/index.php?rest_route=%2Fwp%2Fv2%2Fcomments&post=259"}],"version-history":[{"count":14,"href":"https:\/\/islam-cf.ch\/index.php?rest_route=\/wp\/v2\/pages\/259\/revisions"}],"predecessor-version":[{"id":407,"href":"https:\/\/islam-cf.ch\/index.php?rest_route=\/wp\/v2\/pages\/259\/revisions\/407"}],"wp:attachment":[{"href":"https:\/\/islam-cf.ch\/index.php?rest_route=%2Fwp%2Fv2%2Fmedia&parent=259"}],"curies":[{"name":"wp","href":"https:\/\/api.w.org\/{rel}","templated":true}]}}