{"id":228,"date":"2019-03-07T10:21:03","date_gmt":"2019-03-07T09:21:03","guid":{"rendered":"https:\/\/islam-cf.ch\/?page_id=228"},"modified":"2020-10-15T20:29:38","modified_gmt":"2020-10-15T19:29:38","slug":"avrupadaki-muesluemanlar","status":"publish","type":"page","link":"https:\/\/islam-cf.ch\/?page_id=228","title":{"rendered":"Avrupadaki M\u00fcsl\u00fcmanlar"},"content":{"rendered":"\n<p>AVRUPADA ki M\u00dcSL\u00dcMAN KARDE\u015eLER\u0130ME<\/p>\n\n\n\n<p>D\u00fcnya ve Ahiretin, her\u015feyin Haliki ve sahibi olan ALLAH\u2019a hamd Ras\u00fcl\u00fcne selat\u00fcselam olsun.<br>D\u00dcNYA: Ne de fani imi\u015f ve hemde her \u015feyi de fani. Do\u011fuyor \u00f6l\u00fcy\u00f6r\u00fcz. Gen\u00e7 oluyor ihtiyarl\u0131yoruz. Yiyoruz, a\u00e7\u0131k\u0131yoruz, uyuyor uyan\u0131yoruz. G\u00fcl\u00fcyor a\u011fl\u0131yoruz. Seviyor ayr\u0131l\u0131yoruz. Seneler, Aylar, Haftalar, G\u00fcnler Saatlar tik tak derken zaman ge\u00e7iyor \u00f6m\u00fcrler, bitiyor d\u00fcnya. Fena buluyor d\u00fcnyada ki her \u015fey\u2026<br>Yeni bir hayata ge\u00e7iyor insan.<\/p>\n\n\n\n<p>AH\u0130RET: Hep bu sona eri\u015f, ayr\u0131l\u0131klar, o hayata gidi\u015f i\u00e7in. Peygamberler o hayat\u0131 haber vermek, hak yoluna davet i\u00e7in geldi. Kitablar; O hayat\u0131n nimetlerine erdirmek i\u00e7in indi. ALLAH c.c. Son Peygamberi Hz. Muhammed Mustafas\u0131n\u0131 ve son kitab\u0131 Kur\u2019ani kerim ile, \u0130slam nimetini o ahiret saadeti i\u00e7in tamamlad\u0131. Bizide hidayetiyle \u0130slam nimetine mazhar k\u0131ld\u0131. M\u00dcSL\u00dcMANIZ Elhamd\u00fclillah\u2026<\/p>\n\n\n\n<p>\u0130\u015fte bu nimetin \u015f\u00fckr\u00fc olsun. G\u00f6n\u00fcller \u0130man ile dolsun. Bizimde az\u0131c\u0131k hizmetimiz olsun diye geldik Avrupaya (\u0130svi\u00e7re\u2019ye) Sizlere sevgili karde\u015flerimize.<br>Neler g\u00f6rd\u00fck, Dil nas\u0131l anlats\u0131n, Kalem nas\u0131l yazs\u0131n.<br>B\u00fcy\u00fckler: Vatan hasretiyle Anne Babas\u0131n\u0131, K\u00fc\u00e7\u00fckler: B\u00fcy\u00fckanne ve Dedelerini an\u0131yor dilinde, ar\u0131yor \u00fc\u00e7bin kilometreden g\u00f6reyim diye, Sesini duyay\u0131m diye.<br>Hayat bir r\u00fcya. Ruyalar sanki hak\u0131kat, uyan\u0131nca gurbette, Doluyor g\u00f6zleri ya\u015fla, Bak\u0131yor sar\u0131l\u0131yoruz birbirimize b\u00fcy\u00fckler hocam diye, K\u00fc\u00e7\u00fckler Dedem diye..<br>Hasret, Gurbet yakm\u0131\u015f i\u00e7ini. \u0130man ile, Vatan\u0131m, Dinim \u0130slam diye diye ar\u0131yor Minaresini. Kiliselerin aras\u0131nda Ellahuekber Ellahuekber diyenleri g\u00f6rd\u00fck.<br>\u0130slam\u0131n sesinin, nurunu bu k\u0131taya getiren m\u00fcsl\u00fcman karde\u015flerimizi g\u00f6rd\u00fck.<br>Y\u00fczlerinde secde eseri olan, nurlar\u0131 ile k\u00fcfr\u00fcn karanl\u0131\u011f\u0131n\u0131 ayd\u0131nlatan m\u00fc\u2019minleri g\u00f6rd\u00fck.<br>Al\u0131n teri ile yapt\u0131klar\u0131 Camileri, Ezanlar\u0131, Cemaatleri, Cumalar\u0131, Teravihleri, Selat\u00fc selamlar\u0131, Bayramlar\u0131, \u00c7\u0131nlatan tekbir sedalar\u0131 ile ALLAH dedikce akan g\u00f6zya\u015flar\u0131 g\u00f6rd\u00fck.<br>Bulgar, Yugoslav, \u0130talya, \u0130svi\u00e7re, Fransa, Bel\u00e7ika, Hollanda, Almanya y\u0131 g\u00f6rd\u00fck. Bir kere daha g\u00f6rd\u00fck. Daha neler g\u00f6rd\u00fck. Haram sarho\u015fu \u015fa\u015fk\u0131nlar\u0131,<br>Hayas\u0131zl\u0131ktan sefih ta\u015fk\u0131nlar\u0131, K\u00fcfr\u00fcn z\u00fclmetinden zift par\u00e7as\u0131 gibi katranla\u015fm\u0131\u015f cehennem namzetleri g\u00f6rd\u00fck.<br>Her t\u00fcrl\u00fc d\u00fcnya nimetleri i\u00e7inde oldu\u011fu halde, Ne yemesinde, ne giymesinde, ne de zevklerinde tatmin olmayan insan tipleri g\u00f6rd\u00fck.<br>Para i\u00e7inde iflas etmi\u015f, ucuz olsun diye 7000 (yedi bin) derece ate\u015fte \u00f6l\u00fcs\u00fcn\u00fc yakt\u0131ran maddeci materyalistleri. Ve yanan cesetler g\u00f6rd\u00fck.<br>Balkon ve pencerelerinde renga renk \u00e7icekleri, temiz caddelere k\u0131vr\u0131m k\u0131vr\u0131m pisleyen k\u00f6pekleri g\u00f6rd\u00fck.<br>Soyunup sokaklarda \u00e7\u0131r\u0131l \u00e7\u0131plak gezen le\u015fleri, tatmin olmayan nefisleri, k\u00f6peklerle ya\u015fayan kele\u015fleri g\u00f6rd\u00fck.<br>Babada bir k\u00f6pek, Ana da bir k\u00f6pek, k\u0131z\u0131nda iki k\u00f6pek, k\u00f6pek olmu\u015f insanl\u0131\u011f\u0131ndan kopmu\u015f zavall\u0131 materyalistleri g\u00f6rd\u00fck.<br>Velhas\u0131l her \u015feyin suk\u00fct edip, \u0130SLAM\u2019dan ba\u015fka insan\u0131 kurtaracak din olmad\u0131\u011f\u0131n\u0131 g\u00f6rd\u00fck. Bir kere daha g\u00f6rd\u00fck.<br>Daha neler g\u00f6rd\u00fck: Para i\u00e7in dinini bir tarafa atanlar\u0131, can\u0131n\u0131 Cehenneme satanlar\u0131 g\u00f6rd\u00fck.<br>Kimi evlenmi\u015f H\u0131r\u0131stiyanla: Nasara onu m\u00fcsl\u00fcman sanm\u0131\u015f. Me\u011fer evlendi\u011fi kendinden daha dininden habersiz, dinsiz oldu\u011funu g\u00f6rm\u00fc\u015f. Ve bizde g\u00f6rd\u00fck.<br>Gurbet hasretiyle kazand\u0131\u011f\u0131na sahip olarak vatan\u0131nda de\u011ferlendiren ak\u0131ll\u0131lar\u0131, \u0130\u00e7k\u0131 kumar israfla buldu\u011funu harcayan g\u00f6rmedik ak\u0131ls\u0131zlar\u0131 g\u00f6rd\u00fck.<br>Do\u011fdu\u011fu vatan\u0131n, yedi\u011fi ekme\u011fin d\u00fc\u015fman\u0131 sat\u0131lm\u0131\u015f vatans\u0131zlar\u0131, her\u015feyini kaybetmi\u015f m\u00fcflis imans\u0131zlar\u0131 g\u00f6rd\u00fck.<br>D\u0130N (\u015eeriat) bir, gaye birlik ve hizmet (ehlis\u00fcnnet vel Cemaat) Rabbimiz Kur\u2019anda =Vel\u00e2 Teferraku= derken denilene ters giden, M\u00fcsl\u00fcmanlar\u0131 f\u0131rka f\u0131rka edenleri ve olanlar\u0131 g\u00f6rd\u00fck.<br>Uyan ey karde\u015f, Ey m\u00fcsl\u00fcman! Niye geldin bu diyara? Dili yaban dini yalan k\u00fclt\u00fcr\u00fcnde yanan masum yavrular g\u00f6rd\u00fck.<br>Hi\u00e7 insaf iz\u2019an yokmu sende.! Ac\u0131m\u0131yormusun \u015fu bakan yavruna, gelecek nesillerine Cehennem biletini pe\u015fin alanlar\u0131 g\u00f6rd\u00fck.<br>Sayg\u0131l\u0131 isen Ecdad\u0131na, ac\u0131yorsan evlad\u0131na, sar\u0131l mescidine, d\u00f6n vatan\u0131na ne kadar ge\u00e7ikirsen zarar\u0131n o kadar \u00e7ok olaca\u011f\u0131n\u0131 g\u00f6rd\u00fck.<br>Aldat\u0131yorsa seni aldananlar. D\u0131\u015f\u0131 cikolata, i\u00e7i kurtlanm\u0131\u015f le\u015f. Son pi\u015fmanl\u0131\u011f\u0131n fayda vermeyece\u011fini g\u00f6rd\u00fck ve s\u00f6ylemeye geldik.<br>Bana bir daha sormay\u0131n ba\u015fka bir \u015fey bilmem, S\u00f6ylediklerimin tesiri ne oldu onu da bilmem.<\/p>\n\n\n\n<p>Biz a\u011flatmaya veya g\u00fcld\u00fcrmeye de\u011fil; Y\u00fcce Dinimizden \u00f6\u011fretip hat\u0131rlatmaya gelmi\u015ftik. Amma ne yapal\u0131m; Bazen a\u011flad\u0131k bazen g\u00fcld\u00fck, derdimiz ve sevincimizde bir ve beraber oldu.<br>Rabbimiz Kur\u2019ani keriminde \u201cM\u00fcminler karde\u015ftir\u201d buyurdu. Misafir perverli\u011finiz ve candan ilgilerinizle Elhamd\u00fclillah ey karde\u015flerimiz sizden g\u00f6rd\u00fck, Mevla g\u00f6rd\u00fc, meleklerde \u015fahit oldu.<br>Biz ne hizmet yapt\u0131k, ne verebildik? bilemiyorum. E\u011fer faideli olabilmi\u015f isek Rabbimize hamd eder. Kiymetli vakitlerinizi onu rizas\u0131na uygun de\u011ferlendiremedikse, kendisinden bizleri iyi niyetlerimize ba\u011f\u0131\u015flamas\u0131n\u0131 niyaz ederim.<\/p>\n\n\n\n<p>Sizleri de iki ayd\u0131r dinledi\u011finiz, M\u00fcbarek Mukaddes Kur\u2019an\u0131m\u0131z\u0131n h\u00fck\u00fcmleri, Sevgili Peygamberimizin s\u00fcnnetleri ile amel ederek ya\u015faman\u0131z\u0131 g\u00f6rmek duymak ister ve dilerim\u2026 Amin.<br>G\u00f6rd\u00fc\u011f\u00fcm\u00fcz unutulmaz al\u00e2kalar\u0131n\u0131za kar\u015f\u0131l\u0131k ne diyelim, ne verelim. Zaten insan aci\u0131z ne verir, \u0130stedi\u011fini istedi\u011fine, istedi\u011fi kadar verme\u011fe ve her \u015feye Kaadir olan ALLAH\u2019a havale eder, ALLAH sizlerden raz\u0131 olsun derim.<\/p>\n\n\n\n<p>Sevgili karde\u015flerim, Sizlerden ayr\u0131l\u0131rken daha ne diyelim. E\u011fer d\u00fcnya da ayr\u0131lmay\u0131p kalan olsa idi, bizimde s\u00f6yleyip isteyece\u011fimiz vard\u0131. Fakat: Kalan ve ayr\u0131lmayan olmad\u0131\u011f\u0131na g\u00f6re, Diyoruz ki: Yarabbi;&#8230; D\u00fcnyada bizi bulu\u015fturdun, tan\u0131\u015ft\u0131rd\u0131n, sevi\u015ftirdin, ay\u0131rd\u0131n. Ahirette Cennet ve Cemalinde de bulu\u015ftur da bir daha ebediyyen ay\u0131rma Yarabbi. AM\u0130N\u2026<br>Hepinizi en derin sevgilerimle selamlar, biz vazifemizi yapmaya \u00e7al\u0131\u015ft\u0131k, Sizler hakk\u0131n\u0131z\u0131 helal edin der. \u0130manlar\u0131n\u0131za kuvvet, Bedenlerinize sihhat, Amellerinize ihlas. Hepinize hay\u0131rl\u0131 helal kazan\u00e7lar dilerim.<br>ALLAh\u2019\u0131n Sel\u00e2m\u0131, Rahmeti, Bereketi, Himayesi daima \u00fczerinize olsun. Kiymetli Karde\u015flerim. ELVEDA\u2026 Halid Ba\u015far Karde\u015finiz. Dua bekler.<\/p>\n\n\n\n<p>ESSELAM\u00dc ALEYK\u00dcM.<\/p>\n\n\n\n<p>Not: 15.07. 1984 tarihinde yap\u0131lan veda konu\u015fmas\u0131d\u0131r. Muhterem Hocam 1991 senesinde Vefat etmi\u015ftir. Hem onu Ruhu i\u00e7in, hemde Te\u015fkilat\u0131m\u0131z\u0131n kurucusu Aslan hocam\u0131z\u0131n ruhu i\u00e7in birer Fatiha okuyal\u0131m. El Fatiha\u2026<\/p>\n","protected":false},"excerpt":{"rendered":"<p>AVRUPADA ki M\u00dcSL\u00dcMAN KARDE\u015eLER\u0130ME D\u00fcnya ve Ahiretin, her\u015feyin Haliki ve sahibi olan ALLAH\u2019a hamd Ras\u00fcl\u00fcne selat\u00fcselam olsun.D\u00dcNYA: Ne de fani imi\u015f ve hemde her \u015feyi de fani. Do\u011fuyor \u00f6l\u00fcy\u00f6r\u00fcz. Gen\u00e7 oluyor ihtiyarl\u0131yoruz. Yiyoruz, a\u00e7\u0131k\u0131yoruz, uyuyor uyan\u0131yoruz. G\u00fcl\u00fcyor a\u011fl\u0131yoruz. Seviyor ayr\u0131l\u0131yoruz. Seneler, Aylar, Haftalar, G\u00fcnler Saatlar tik tak derken zaman ge\u00e7iyor \u00f6m\u00fcrler, bitiyor d\u00fcnya. Fena buluyor [&hellip;]<\/p>\n","protected":false},"author":1,"featured_media":0,"parent":0,"menu_order":0,"comment_status":"closed","ping_status":"closed","template":"","meta":{"footnotes":""},"class_list":["post-228","page","type-page","status-publish","hentry"],"_links":{"self":[{"href":"https:\/\/islam-cf.ch\/index.php?rest_route=\/wp\/v2\/pages\/228","targetHints":{"allow":["GET"]}}],"collection":[{"href":"https:\/\/islam-cf.ch\/index.php?rest_route=\/wp\/v2\/pages"}],"about":[{"href":"https:\/\/islam-cf.ch\/index.php?rest_route=\/wp\/v2\/types\/page"}],"author":[{"embeddable":true,"href":"https:\/\/islam-cf.ch\/index.php?rest_route=\/wp\/v2\/users\/1"}],"replies":[{"embeddable":true,"href":"https:\/\/islam-cf.ch\/index.php?rest_route=%2Fwp%2Fv2%2Fcomments&post=228"}],"version-history":[{"count":1,"href":"https:\/\/islam-cf.ch\/index.php?rest_route=\/wp\/v2\/pages\/228\/revisions"}],"predecessor-version":[{"id":229,"href":"https:\/\/islam-cf.ch\/index.php?rest_route=\/wp\/v2\/pages\/228\/revisions\/229"}],"wp:attachment":[{"href":"https:\/\/islam-cf.ch\/index.php?rest_route=%2Fwp%2Fv2%2Fmedia&parent=228"}],"curies":[{"name":"wp","href":"https:\/\/api.w.org\/{rel}","templated":true}]}}