{"id":161,"date":"2018-02-08T12:44:05","date_gmt":"2018-02-08T12:44:05","guid":{"rendered":"http:\/\/islam-cf.ch\/?page_id=161"},"modified":"2022-11-22T16:41:54","modified_gmt":"2022-11-22T15:41:54","slug":"adressen","status":"publish","type":"page","link":"https:\/\/islam-cf.ch\/?page_id=161","title":{"rendered":"Adressen"},"content":{"rendered":"<p><b>F\u00f6deration<\/b><strong>\u00a0Hauptsitz<\/strong><\/p>\n<p>F\u00f6deration Islamischer<br \/>\nVereine der Schweiz<br \/>\nStaldenhof 2<br \/>\n6014 Luzern<\/p>\n<p><strong>Pr\u00e4sident<\/strong><\/p>\n<p>Mustafa \u00d6zt\u00fcrk<br \/>\nLeonhardstrasse 47<br \/>\n6472 Erstfeld<br \/>\nTel: 076 279 46 75<\/p>\n<p><strong>Moscheen und Stiftungen<\/strong><\/p>\n<p><strong>Moschee Kommission Basel<\/strong><br \/>\nKlingentalgraben 2<br \/>\n4057 Basel<br \/>\nTel: 076 437 98 82<\/p>\n<p><strong>Luzern Ey\u00fcp Moschee, Ey\u00fcp Stiftung<\/strong><br \/>\nStaldenhof 2<br \/>\n6014 Luzern<br \/>\nTel: 078 935 01 30<\/p>\n<p><strong>Islamische Union Uri<\/strong><br \/>\nUmfahrfungstrasse 17<br \/>\n6467 Schattdorf<br \/>\nTel: 078 729 15 65<\/p>\n<p><strong>Leichentransport<\/strong><\/p>\n<p>Leichentransport Hilfskasse<br \/>\nPostfach 1013<br \/>\n6031 Ebikon<\/p>\n","protected":false},"excerpt":{"rendered":"<p>F\u00f6deration\u00a0Hauptsitz F\u00f6deration Islamischer Vereine der Schweiz Staldenhof 2 6014 Luzern Pr\u00e4sident Mustafa \u00d6zt\u00fcrk Leonhardstrasse 47 6472 Erstfeld Tel: 076 279 46 75 Moscheen und Stiftungen Moschee Kommission Basel Klingentalgraben 2 4057 Basel Tel: 076 437 98 82 Luzern Ey\u00fcp Moschee, Ey\u00fcp Stiftung Staldenhof 2 6014 Luzern Tel: 078 935 01 30 Islamische Union Uri Umfahrfungstrasse [&hellip;]<\/p>\n","protected":false},"author":1,"featured_media":0,"parent":0,"menu_order":0,"comment_status":"closed","ping_status":"closed","template":"","meta":{"footnotes":""},"class_list":["post-161","page","type-page","status-publish","hentry"],"_links":{"self":[{"href":"https:\/\/islam-cf.ch\/index.php?rest_route=\/wp\/v2\/pages\/161","targetHints":{"allow":["GET"]}}],"collection":[{"href":"https:\/\/islam-cf.ch\/index.php?rest_route=\/wp\/v2\/pages"}],"about":[{"href":"https:\/\/islam-cf.ch\/index.php?rest_route=\/wp\/v2\/types\/page"}],"author":[{"embeddable":true,"href":"https:\/\/islam-cf.ch\/index.php?rest_route=\/wp\/v2\/users\/1"}],"replies":[{"embeddable":true,"href":"https:\/\/islam-cf.ch\/index.php?rest_route=%2Fwp%2Fv2%2Fcomments&post=161"}],"version-history":[{"count":8,"href":"https:\/\/islam-cf.ch\/index.php?rest_route=\/wp\/v2\/pages\/161\/revisions"}],"predecessor-version":[{"id":387,"href":"https:\/\/islam-cf.ch\/index.php?rest_route=\/wp\/v2\/pages\/161\/revisions\/387"}],"wp:attachment":[{"href":"https:\/\/islam-cf.ch\/index.php?rest_route=%2Fwp%2Fv2%2Fmedia&parent=161"}],"curies":[{"name":"wp","href":"https:\/\/api.w.org\/{rel}","templated":true}]}}