{"id":119,"date":"2018-02-06T13:54:11","date_gmt":"2018-02-06T13:54:11","guid":{"rendered":"http:\/\/islam-cf.ch\/?page_id=119"},"modified":"2022-11-21T20:09:53","modified_gmt":"2022-11-21T19:09:53","slug":"basel","status":"publish","type":"page","link":"https:\/\/islam-cf.ch\/?page_id=119","title":{"rendered":"Basel"},"content":{"rendered":"<p><img loading=\"lazy\" decoding=\"async\" class=\"alignnone  wp-image-369\" src=\"https:\/\/islam-cf.ch\/wp-content\/uploads\/2022\/11\/Basel-Moschee-300x226.png\" alt=\"\" width=\"364\" height=\"274\" srcset=\"https:\/\/islam-cf.ch\/wp-content\/uploads\/2022\/11\/Basel-Moschee-300x226.png 300w, https:\/\/islam-cf.ch\/wp-content\/uploads\/2022\/11\/Basel-Moschee-1024x770.png 1024w, https:\/\/islam-cf.ch\/wp-content\/uploads\/2022\/11\/Basel-Moschee-768x577.png 768w, https:\/\/islam-cf.ch\/wp-content\/uploads\/2022\/11\/Basel-Moschee.png 1172w\" sizes=\"auto, (max-width: 364px) 100vw, 364px\" \/><\/p>\n<p>Kaserne Moschee<br \/>\nKlingentalgraben 2<br \/>\n4057 Basel<br \/>\nTel: 076 437 98 82<\/p>\n<p>E-Mail: <a href=\"mailto:info@kasernemoschee.ch\">info@kasernemoschee.ch<\/a><br \/>\nWebSeite:<a href=\"https:\/\/kasernemoschee.ch\/\"> https:\/\/kasernemoschee.ch\/<\/a><\/p>\n<p><a href=\"https:\/\/www.google.com\/maps\/place\/Kaserne+Moschee,+Klingentalgraben+2,+4057+Basel\/@47.563563,7.589392,18z\/data=!4m14!1m7!3m6!1s0x4791b9a51041cd31:0x5aaeb23fff6550c8!2sKaserne+Basel,+Klybeckstrasse+1b,+4057+Basel!8m2!3d47.5635574!4d7.5906119!16s%2Fg%2F120p4hfd!3m5!1s0x4791b970d2a10529:0xa4bc97d43ad47233!8m2!3d47.5631542!4d7.5889365!16s%2Fg%2F11tf_9btqw\">Kaserne Moschee \u2013 Google Maps<\/a><\/p>\n<p><span class=\"ff1 fs22\"><strong>\u00dcber<\/strong><\/span><\/p>\n<p><span class=\"ff1 fs22\">Die Moschee Kommission ist seit 1974 in ihrer jetzigen Adresse. Das Zentrum ist als Verein nach ZGB organisiert. \u00dcberwiegend t\u00fcrkische Muslime besuchen die Moschee. Es kommen aber wie in allen anderen Moscheen auch Muslime ganz anderer Nationalit\u00e4t. Die Moschee z\u00e4hlt ungef\u00e4hr 30 aktive Mitglieder. Sie ist bei der F\u00f6deration Islamischer Vereine der Schweiz angeschlossen.<br \/>\n<\/span><span class=\"ff1 fs22\">Ausserdem ist der Verein Mitglied bei der IG Kaserne.<br \/>\nIn den R\u00e4umlichkeiten der Moschee befinden sich ein Gebetsraum, ein B\u00fcro f\u00fcr den Imam, sanit\u00e4re Anlagen zur rituellen Waschung, ein Coiffeursalon, ein kleiner Laden sowie ein Raum f\u00fcr Frauen.<\/span><\/p>\n<p><strong>Aktivit\u00e4ten<br \/>\n<\/strong><span class=\"ff1 fs22\">Die Moschee ist zu den t\u00e4glichen f\u00fcnf Gebeten ge\u00f6ffnet. Sonntagvormittag erhalten Buben Religionsunterricht. Die Moschee wird oft von Schulklassen besucht und steht f\u00fcr jeden der Interessiert ist offen.<\/span><\/p>\n<p><span class=\"ff1 fs22\">Quelle:\u00a0<a class=\" link\" href=\"http:\/\/www.bmk-online.ch\/moschee-kommission-basel.html\" target=\"_blank\" rel=\"noopener noreferrer\">http:\/\/www.bmk-online.ch\/moschee-kommission-basel.html<\/a><\/span><\/p>\n","protected":false},"excerpt":{"rendered":"<p>Kaserne Moschee Klingentalgraben 2 4057 Basel Tel: 076 437 98 82 E-Mail: info@kasernemoschee.ch WebSeite: https:\/\/kasernemoschee.ch\/ Kaserne Moschee \u2013 Google Maps \u00dcber Die Moschee Kommission ist seit 1974 in ihrer jetzigen Adresse. Das Zentrum ist als Verein nach ZGB organisiert. \u00dcberwiegend t\u00fcrkische Muslime besuchen die Moschee. Es kommen aber wie in allen anderen Moscheen auch Muslime [&hellip;]<\/p>\n","protected":false},"author":1,"featured_media":0,"parent":0,"menu_order":0,"comment_status":"closed","ping_status":"closed","template":"","meta":{"footnotes":""},"class_list":["post-119","page","type-page","status-publish","hentry"],"_links":{"self":[{"href":"https:\/\/islam-cf.ch\/index.php?rest_route=\/wp\/v2\/pages\/119","targetHints":{"allow":["GET"]}}],"collection":[{"href":"https:\/\/islam-cf.ch\/index.php?rest_route=\/wp\/v2\/pages"}],"about":[{"href":"https:\/\/islam-cf.ch\/index.php?rest_route=\/wp\/v2\/types\/page"}],"author":[{"embeddable":true,"href":"https:\/\/islam-cf.ch\/index.php?rest_route=\/wp\/v2\/users\/1"}],"replies":[{"embeddable":true,"href":"https:\/\/islam-cf.ch\/index.php?rest_route=%2Fwp%2Fv2%2Fcomments&post=119"}],"version-history":[{"count":8,"href":"https:\/\/islam-cf.ch\/index.php?rest_route=\/wp\/v2\/pages\/119\/revisions"}],"predecessor-version":[{"id":378,"href":"https:\/\/islam-cf.ch\/index.php?rest_route=\/wp\/v2\/pages\/119\/revisions\/378"}],"wp:attachment":[{"href":"https:\/\/islam-cf.ch\/index.php?rest_route=%2Fwp%2Fv2%2Fmedia&parent=119"}],"curies":[{"name":"wp","href":"https:\/\/api.w.org\/{rel}","templated":true}]}}