{"id":116,"date":"2018-02-06T13:54:11","date_gmt":"2018-02-06T13:54:11","guid":{"rendered":"http:\/\/islam-cf.ch\/?page_id=116"},"modified":"2022-11-21T20:11:45","modified_gmt":"2022-11-21T19:11:45","slug":"uri","status":"publish","type":"page","link":"https:\/\/islam-cf.ch\/?page_id=116","title":{"rendered":"Uri"},"content":{"rendered":"<p style=\"text-align: center;\"><strong>Islamische Union Uri<\/strong><\/p>\n<p><img loading=\"lazy\" decoding=\"async\" class=\"wp-image-130 aligncenter\" src=\"http:\/\/islam-cf.ch\/wp-content\/uploads\/2018\/02\/uri_mescidi_disardan-300x227.jpg\" alt=\"\" width=\"378\" height=\"286\" srcset=\"https:\/\/islam-cf.ch\/wp-content\/uploads\/2018\/02\/uri_mescidi_disardan-300x227.jpg 300w, https:\/\/islam-cf.ch\/wp-content\/uploads\/2018\/02\/uri_mescidi_disardan.jpg 400w\" sizes=\"auto, (max-width: 378px) 100vw, 378px\" \/><\/p>\n<p><a class=\" link\" href=\"https:\/\/www.google.ch\/maps?f=q&amp;source=s_q&amp;hl=de&amp;geocode=&amp;q=Umfahrungsstrasse+17,+Schattdorf&amp;aq=t&amp;sll=46.856188,8.63804&amp;sspn=0.00617,0.009645&amp;vpsrc=0&amp;t=h&amp;ie=UTF8&amp;hq=&amp;hnear=Umfahrungsstrasse+17,+6467+Schattdorf,+Uri&amp;z=16&amp;iwloc=A\" target=\"_blank\" rel=\"noopener\">Uri Mecidi \/ Islamische Union Uri<br \/>\n<\/a>Umfahrungsstrasse 17<br \/>\n6467 Schattdorf<br \/>\nTel: 078 729 15 65<br \/>\nE-Mail:\u00a0<a class=\" link\" href=\"mailto:mescid.uri@gmail.com\">mescid.uri@gmail.com<\/a><\/p>\n<p><strong>Die Geschichte der Islamischen Union Uri<br \/>\n<\/strong><br \/>\nIm Jahr 1986 haben die Gebr\u00fcder Mustafa und Sadullah \u00d6zt\u00fcrk die Islamische Union Uri in B\u00fcrglen gegr\u00fcndet. Mit hohen und tiefen Phasen hatten die Gebr\u00fcder es geschafft, die Moschee bis 2008 in B\u00fcrglen aufrechtzuerhalten. Doch im Jahr 2008 mussten die Gebr\u00fcder aus der Moschee ausziehen, weil das Geb\u00e4ude veraltet war und renoviert werden musste. Danach war das Ziel der Gebr\u00fcder, mit der Moschee an einen ruhigen Ort umzuziehen. Das Budget sowie der schlechte Ruf der islamischen Gl\u00e4ubigen in den Medien erschwerte die Situation, einen gew\u00fcnschten Platz zu finden. Doch die ambitionierte Suche brachte sie zu ihrem Ziel. Sie durften die Moschee in einer renovierten H\u00fctte in Fl\u00fcelen weiterf\u00fchren. Dies gew\u00e4hrleistete den Urner Muslimen, ihre Nachbarn, die Mountain Spirit Line Dancers, kennen zu lernen und gute Nachbarschaftsverh\u00e4ltnisse aufzubauen. Die gute Kommunikation mit den Nachbarn erm\u00f6glichte es beim n\u00e4chsten Umzug Ende August 2012, einen Platz f\u00fcr die Islamische Union Uri zu finden. Der Grund f\u00fcr den damaligen Umzug war der gerichtliche Entscheid, dass der Platz der H\u00fctte sich in einer Landwirtschaftszone befindet. Nun hat die Islamische Union in Schattdorf einen neuen Ort bezogen und hofft, hier ein nachhaltiges Geb\u00e4ude f\u00fcr Urner Muslime gefunden zu haben.<\/p>\n<p>Islamische Union Uri seit 1986<\/p>\n","protected":false},"excerpt":{"rendered":"<p>Islamische Union Uri Uri Mecidi \/ Islamische Union Uri Umfahrungsstrasse 17 6467 Schattdorf Tel: 078 729 15 65 E-Mail:\u00a0mescid.uri@gmail.com Die Geschichte der Islamischen Union Uri Im Jahr 1986 haben die Gebr\u00fcder Mustafa und Sadullah \u00d6zt\u00fcrk die Islamische Union Uri in B\u00fcrglen gegr\u00fcndet. Mit hohen und tiefen Phasen hatten die Gebr\u00fcder es geschafft, die Moschee bis [&hellip;]<\/p>\n","protected":false},"author":1,"featured_media":0,"parent":0,"menu_order":0,"comment_status":"closed","ping_status":"closed","template":"","meta":{"footnotes":""},"class_list":["post-116","page","type-page","status-publish","hentry"],"_links":{"self":[{"href":"https:\/\/islam-cf.ch\/index.php?rest_route=\/wp\/v2\/pages\/116","targetHints":{"allow":["GET"]}}],"collection":[{"href":"https:\/\/islam-cf.ch\/index.php?rest_route=\/wp\/v2\/pages"}],"about":[{"href":"https:\/\/islam-cf.ch\/index.php?rest_route=\/wp\/v2\/types\/page"}],"author":[{"embeddable":true,"href":"https:\/\/islam-cf.ch\/index.php?rest_route=\/wp\/v2\/users\/1"}],"replies":[{"embeddable":true,"href":"https:\/\/islam-cf.ch\/index.php?rest_route=%2Fwp%2Fv2%2Fcomments&post=116"}],"version-history":[{"count":10,"href":"https:\/\/islam-cf.ch\/index.php?rest_route=\/wp\/v2\/pages\/116\/revisions"}],"predecessor-version":[{"id":380,"href":"https:\/\/islam-cf.ch\/index.php?rest_route=\/wp\/v2\/pages\/116\/revisions\/380"}],"wp:attachment":[{"href":"https:\/\/islam-cf.ch\/index.php?rest_route=%2Fwp%2Fv2%2Fmedia&parent=116"}],"curies":[{"name":"wp","href":"https:\/\/api.w.org\/{rel}","templated":true}]}}